{"id":247,"date":"2025-02-11T20:03:40","date_gmt":"2025-02-11T19:03:40","guid":{"rendered":"https:\/\/ahazbora.hu\/?page_id=247"},"modified":"2025-02-24T16:52:56","modified_gmt":"2025-02-24T15:52:56","slug":"fooldal","status":"publish","type":"page","link":"https:\/\/ahazbora.hu\/en\/","title":{"rendered":"F\u0151oldal"},"content":{"rendered":"<div data-elementor-type=\"wp-page\" data-elementor-id=\"247\" class=\"elementor elementor-247\" data-elementor-post-type=\"page\">\n\t\t\t\t<div class=\"elementor-element elementor-element-4390e12 e-flex e-con-boxed e-con e-parent\" data-id=\"4390e12\" data-element_type=\"container\" data-settings=\"{&quot;background_background&quot;:&quot;classic&quot;}\">\n\t\t\t\t\t<div class=\"e-con-inner\">\n\t\t<div class=\"elementor-element elementor-element-d61fa5c e-con-full e-flex e-con e-child\" data-id=\"d61fa5c\" data-element_type=\"container\">\n\t\t\t\t<div class=\"elementor-element elementor-element-60400df elementor-widget elementor-widget-image\" data-id=\"60400df\" data-element_type=\"widget\" data-widget_type=\"image.default\">\n\t\t\t\t<div class=\"elementor-widget-container\">\n\t\t\t\t\t\t\t\t\t\t\t\t\t\t\t<img alt=\"\" fetchpriority=\"high\" decoding=\"async\" width=\"500\" height=\"300\" src=\"https:\/\/ahazbora.hu\/wp-content\/uploads\/2025\/02\/Nevtelen-terv-3.png\" class=\"attachment-large size-large wp-image-252\" srcset=\"https:\/\/ahazbora.hu\/wp-content\/uploads\/2025\/02\/Nevtelen-terv-3.png 500w, https:\/\/ahazbora.hu\/wp-content\/uploads\/2025\/02\/Nevtelen-terv-3-300x180.png 300w\" sizes=\"(max-width: 500px) 100vw, 500px\" \/>\t\t\t\t\t\t\t\t\t\t\t\t\t\t\t<\/div>\n\t\t\t\t<\/div>\n\t\t\t\t<\/div>\n\t\t\t\t\t<\/div>\n\t\t\t\t<\/div>\n\t\t<div class=\"elementor-element elementor-element-a2e82d4 e-flex e-con-boxed e-con e-parent\" data-id=\"a2e82d4\" data-element_type=\"container\">\n\t\t\t\t\t<div class=\"e-con-inner\">\n\t\t<div class=\"elementor-element elementor-element-d725a90 e-flex e-con-boxed e-con e-child\" data-id=\"d725a90\" data-element_type=\"container\">\n\t\t\t\t\t<div class=\"e-con-inner\">\n\t\t<div class=\"elementor-element elementor-element-39b8509 e-con-full e-flex e-con e-child\" data-id=\"39b8509\" data-element_type=\"container\">\n\t\t\t\t<div class=\"elementor-element elementor-element-b0ec46b elementor-widget elementor-widget-heading\" data-id=\"b0ec46b\" data-element_type=\"widget\" data-widget_type=\"heading.default\">\n\t\t\t\t<div class=\"elementor-widget-container\">\n\t\t\t\t\t<span class=\"elementor-heading-title elementor-size-default\">Etyek-Budai siller<\/span>\t\t\t\t<\/div>\n\t\t\t\t<\/div>\n\t\t\t\t<div class=\"elementor-element elementor-element-e316dff elementor-widget elementor-widget-text-editor\" data-id=\"e316dff\" data-element_type=\"widget\" data-widget_type=\"text-editor.default\">\n\t\t\t\t<div class=\"elementor-widget-container\">\n\t\t\t\t\t\t\t\t\t<p><strong>Bor neve: Etyek-Budai siller<\/strong><br \/><strong>Term\u00e9kkateg\u00f3ria:<\/strong> bor\u00a0 \u00a0 \u00a0\u00a0<br \/><strong>Min\u0151s\u00edt\u00e9si kateg\u00f3ria:<\/strong> oltalom alatt \u00e1ll\u00f3 eredetmegjel\u00f6l\u00e9s\u00a0<br \/><strong>Palackozta: <\/strong>Bakos \u00c1d\u00e1m, So\u00f3s Istv\u00e1n Bor\u00e1szati Technikum \u00e9s Szakk\u00e9pz\u0151 Iskola Tangazdas\u00e1ga, 1221 Budapest, J\u00f3sika utca 14.<\/p><p><strong>\u00d6sszetev\u0151k:<\/strong> sz\u0151l\u0151\u00a0<br \/><strong>Tart\u00f3s\u00edt\u00f3szerek \u00e9s antioxid\u00e1nsok*:<\/strong> szulfitok (k\u00e9n-dioxid)<br \/><strong>Allerg\u00e9nek: <\/strong>szulfitokat tartalmaz<\/p>\t\t\t\t\t\t\t\t<\/div>\n\t\t\t\t<\/div>\n\t\t\t\t<\/div>\n\t\t\t\t\t<\/div>\n\t\t\t\t<\/div>\n\t\t\t\t\t<\/div>\n\t\t\t\t<\/div>\n\t\t<div class=\"elementor-element elementor-element-f0f75aa e-flex e-con-boxed e-con e-parent\" data-id=\"f0f75aa\" data-element_type=\"container\">\n\t\t\t\t\t<div class=\"e-con-inner\">\n\t\t\t\t<div class=\"elementor-element elementor-element-a537ca6 elementor-widget elementor-widget-image\" data-id=\"a537ca6\" data-element_type=\"widget\" data-widget_type=\"image.default\">\n\t\t\t\t<div class=\"elementor-widget-container\">\n\t\t\t\t\t\t\t\t\t\t\t\t\t\t\t<img alt=\"\" decoding=\"async\" width=\"800\" height=\"302\" src=\"https:\/\/ahazbora.hu\/wp-content\/uploads\/2025\/02\/baa94c22-bdd5-4b54-87e6-e5b9647f621f.jpg\" class=\"attachment-large size-large wp-image-274\" srcset=\"https:\/\/ahazbora.hu\/wp-content\/uploads\/2025\/02\/baa94c22-bdd5-4b54-87e6-e5b9647f621f.jpg 995w, https:\/\/ahazbora.hu\/wp-content\/uploads\/2025\/02\/baa94c22-bdd5-4b54-87e6-e5b9647f621f-300x113.jpg 300w, https:\/\/ahazbora.hu\/wp-content\/uploads\/2025\/02\/baa94c22-bdd5-4b54-87e6-e5b9647f621f-768x289.jpg 768w\" sizes=\"(max-width: 800px) 100vw, 800px\" \/>\t\t\t\t\t\t\t\t\t\t\t\t\t\t\t<\/div>\n\t\t\t\t<\/div>\n\t\t\t\t\t<\/div>\n\t\t\t\t<\/div>\n\t\t\t\t<\/div>","protected":false},"excerpt":{"rendered":"<p>Etyek-Budai siller Bor neve: Etyek-Budai sillerTerm\u00e9kkateg\u00f3ria: bor\u00a0 \u00a0 \u00a0\u00a0Min\u0151s\u00edt\u00e9si kateg\u00f3ria: oltalom alatt \u00e1ll\u00f3 eredetmegjel\u00f6l\u00e9s\u00a0Palackozta: Bakos \u00c1d\u00e1m, So\u00f3s Istv\u00e1n Bor\u00e1szati Technikum \u00e9s Szakk\u00e9pz\u0151 Iskola Tangazdas\u00e1ga, 1221 Budapest, J\u00f3sika utca 14. \u00d6sszetev\u0151k: sz\u0151l\u0151\u00a0Tart\u00f3s\u00edt\u00f3szerek \u00e9s antioxid\u00e1nsok*: szulfitok (k\u00e9n-dioxid)Allerg\u00e9nek: szulfitokat tartalmaz<\/p>","protected":false},"author":1,"featured_media":0,"parent":0,"menu_order":0,"comment_status":"closed","ping_status":"closed","template":"elementor_canvas","meta":{"_seopress_robots_primary_cat":"","_seopress_titles_title":"","_seopress_titles_desc":"","_seopress_robots_index":"","footnotes":""},"class_list":["post-247","page","type-page","status-publish","hentry"],"_links":{"self":[{"href":"https:\/\/ahazbora.hu\/en\/wp-json\/wp\/v2\/pages\/247","targetHints":{"allow":["GET"]}}],"collection":[{"href":"https:\/\/ahazbora.hu\/en\/wp-json\/wp\/v2\/pages"}],"about":[{"href":"https:\/\/ahazbora.hu\/en\/wp-json\/wp\/v2\/types\/page"}],"author":[{"embeddable":true,"href":"https:\/\/ahazbora.hu\/en\/wp-json\/wp\/v2\/users\/1"}],"replies":[{"embeddable":true,"href":"https:\/\/ahazbora.hu\/en\/wp-json\/wp\/v2\/comments?post=247"}],"version-history":[{"count":0,"href":"https:\/\/ahazbora.hu\/en\/wp-json\/wp\/v2\/pages\/247\/revisions"}],"wp:attachment":[{"href":"https:\/\/ahazbora.hu\/en\/wp-json\/wp\/v2\/media?parent=247"}],"curies":[{"name":"wp","href":"https:\/\/api.w.org\/{rel}","templated":true}]}}